{"id":7150,"date":"2021-08-10T15:25:34","date_gmt":"2021-08-10T20:25:34","guid":{"rendered":"http:\/\/empowermissouri.org\/?page_id=7150"},"modified":"2025-06-11T14:10:34","modified_gmt":"2025-06-11T19:10:34","slug":"training","status":"publish","type":"page","link":"https:\/\/empowermissouri.org\/es\/training\/","title":{"rendered":"Oportunidades de entrenamiento"},"content":{"rendered":"<p><span style=\"font-weight: 400; color: #000000;\">\u00a1Lleve su defensa y liderazgo al siguiente nivel!<\/span><\/p>\n<p><span style=\"font-weight: 400; color: #000000;\">Empower Missouri ofrece una amplia gama de programas dise\u00f1ados para voluntarios y miembros de la comunidad, organizaciones y otros profesionales que tienen inter\u00e9s en la defensa nacional, regional y local. Personalizamos las siguientes oportunidades de capacitaci\u00f3n para ayudar a su grupo a alcanzar sus objetivos de aprendizaje, brind\u00e1ndole la oportunidad de desarrollar sus habilidades. Nuestra misi\u00f3n es ampliar el campo de defensores que trabajan para abordar cuestiones de pol\u00edticas relacionadas con la pobreza y explorar las mejores pr\u00e1cticas para un mayor impacto social positivo.\u00a0<\/span><\/p>\n<p><span style=\"font-weight: 400; color: #000000;\">Our trainings are led by expert staff members with significant experience in anti-poverty policy advocacy.\u00a0 Our trainings can be held virtually or in-person, contact us for more details.<\/span><\/p>\n<p><span style=\"color: #000000;\"><b>Incidencia 101:<\/b><span style=\"font-weight: 400;\">\u00a0<\/span><\/span><\/p>\n<p><span style=\"font-weight: 400; color: #000000;\">Ideal para organizaciones o grupos que reci\u00e9n est\u00e1n comenzando a participar en la promoci\u00f3n y desean ser m\u00e1s efectivos en la promoci\u00f3n de los problemas que les preocupan. Los participantes recibir\u00e1n una descripci\u00f3n general del proceso legislativo en Missouri y consejos sobre c\u00f3mo lograr el mayor impacto en la promoci\u00f3n. Esta capacitaci\u00f3n generalmente se ofrece durante un per\u00edodo de una hora, pero se puede acortar o extender para cumplir con los objetivos del grupo. .<\/span><\/p>\n<p><span style=\"color: #000000;\"><b>\u00c9tica en la organizaci\u00f3n:\u00a0<\/b><\/span><\/p>\n<p><span style=\"font-weight: 400; color: #000000;\">Dirigido espec\u00edficamente a los trabajadores sociales y aquellos que trabajan con ellos, todos los defensores se beneficiar\u00e1n de esta capacitaci\u00f3n. Ayudaremos a los participantes a comprender c\u00f3mo practicar la promoci\u00f3n y la organizaci\u00f3n dentro del marco del C\u00f3digo de \u00c9tica de NASW. Los participantes aprender\u00e1n espec\u00edficamente c\u00f3mo centrar las experiencias de aquellos que se ven m\u00e1s afectados por el problema y explorar\u00e1n los dilemas \u00e9ticos que pueden ocurrir durante el curso de una campa\u00f1a.<\/span><\/p>\n<p><span style=\"color: #000000;\"><b>Entrenamiento de mensajer\u00eda:\u00a0<\/b><\/span><\/p>\n<p><span style=\"font-weight: 400; color: #000000;\">Esta capacitaci\u00f3n es para grupos que est\u00e9n interesados en aprender a contar su historia y perfeccionar la unificaci\u00f3n de mensajes. Es un curso de dos horas o m\u00e1s dependiendo del tama\u00f1o del grupo y la disponibilidad. Los entrenamientos est\u00e1n totalmente personalizados para el grupo. Tenga en cuenta que las habilidades adquiridas se aplican a la estrategia de mensajer\u00eda general, no a una campa\u00f1a espec\u00edfica. Si su organizaci\u00f3n desea asociarse con Empower Missouri para desarrollar mensajes espec\u00edficos de la campa\u00f1a, comun\u00edquese con el Director de Pol\u00edticas y Defensa.<\/span><\/p>\n<h4><span style=\"color: #000000;\"><b>Pol\u00edticas del programa<\/b><\/span><\/h4>\n<p><span style=\"font-weight: 400; color: #000000;\">Empower offers these trainings for a small fee (on a sliding scale) for most nonprofit organizations, but we also offer low- or no-cost classes to BIPOC- led non-profits, volunteer community groups, and student groups. The programs are also provided at no additional charge for our organizational partners. For more information, please contact Empower\u2019s Advocacy Director, Sarah Owsley, at <a href=\"mailto:sarah@empowermissouri.org\">sarah@empowermissouri.org<\/a>.<\/span><\/p>\n\n\n<link rel=\"preload\" href=\"https:\/\/d3rse9xjbp8270.cloudfront.net\/at.js\" as=\"script\" crossorigin=\"anonymous\">\n <link rel=\"preload\" href=\"https:\/\/d3rse9xjbp8270.cloudfront.net\/at.min.css\" as=\"style\">\n <script type=\"text\/javascript\" src=\"https:\/\/d3rse9xjbp8270.cloudfront.net\/at.js\" crossorigin=\"anonymous\"><\/script>\n <div class=\"ngp-form\" data-form-url=\"https:\/\/secure.everyaction.com\/v1\/Forms\/4CWe-u9FxkmYO-cd96BfjQ2\" data-fastaction-endpoint=\"https:\/\/fastaction.ngpvan.com\" data-inline-errors=\"true\" data-fastaction-nologin=\"true\" data-databag-endpoint=\"https:\/\/profile.ngpvan.com\" data-databag=\"everybody\" data-mobile-autofocus=\"false\">\n<\/div>\n\n\n\n<h3 class=\"wp-block-heading has-text-align-center\"><strong><mark style=\"background-color:rgba(0, 0, 0, 0)\" class=\"has-inline-color has-black-color\">Don&#8217;t Forget to<\/mark> <a href=\"http:\/\/empowermissouri.org\/es\/about-us\/ways-to-connect\/\" target=\"_blank\" rel=\"noreferrer noopener\">Reg\u00edstrate<\/a> <mark style=\"background-color:rgba(0, 0, 0, 0)\" class=\"has-inline-color has-black-color\">para nuestro bolet\u00edn electr\u00f3nico<\/mark><\/strong><\/h3>\n\n\n\n<h5 class=\"wp-block-heading has-text-align-center\"><mark style=\"background-color:rgba(0, 0, 0, 0)\" class=\"has-inline-color has-black-color\">para conocer nuevas oportunidades de capacitaci\u00f3n y lo que vendr\u00e1 a continuaci\u00f3n.<\/mark><\/h5>\n\n\n\n<p><\/p>","protected":false},"excerpt":{"rendered":"<p>Take Your Advocacy and Leadership to the Next Level! Empower Missouri offers a wide range of programming designed for volunteers and community members, organizations and other professionals who have an interest in national, regional and local advocacy. We customize the following training opportunities to help your group meet their learning goals, giving you the opportunity [&hellip;]<\/p>\n","protected":false},"author":1,"featured_media":0,"parent":0,"menu_order":0,"comment_status":"closed","ping_status":"closed","template":"","meta":{"_exactmetrics_skip_tracking":false,"_exactmetrics_sitenote_active":false,"_exactmetrics_sitenote_note":"","_exactmetrics_sitenote_category":0,"footnotes":""},"coauthors":[359],"class_list":["post-7150","page","type-page","status-publish","hentry"],"yoast_head":"<!-- This site is optimized with the Yoast SEO plugin v27.4 - https:\/\/yoast.com\/product\/yoast-seo-wordpress\/ -->\n<title>Training Opportunities - Empower Missouri<\/title>\n<meta name=\"robots\" content=\"index, follow, max-snippet:-1, max-image-preview:large, max-video-preview:-1\" \/>\n<link rel=\"canonical\" href=\"https:\/\/empowermissouri.org\/es\/training\/\" \/>\n<meta property=\"og:locale\" content=\"es_MX\" \/>\n<meta property=\"og:type\" content=\"article\" \/>\n<meta property=\"og:title\" content=\"Training Opportunities - Empower Missouri\" \/>\n<meta property=\"og:description\" content=\"Take Your Advocacy and Leadership to the Next Level! Empower Missouri offers a wide range of programming designed for volunteers and community members, organizations and other professionals who have an interest in national, regional and local advocacy. We customize the following training opportunities to help your group meet their learning goals, giving you the opportunity [&hellip;]\" \/>\n<meta property=\"og:url\" content=\"https:\/\/empowermissouri.org\/es\/training\/\" \/>\n<meta property=\"og:site_name\" content=\"Empower Missouri\" \/>\n<meta property=\"article:publisher\" content=\"https:\/\/www.facebook.com\/empowermissouri\" \/>\n<meta property=\"article:modified_time\" content=\"2025-06-11T19:10:34+00:00\" \/>\n<meta property=\"og:image\" content=\"http:\/\/empowermissouri.org\/app\/uploads\/2021\/08\/jo-szczepanska-5aiRb5f464A-unsplash-scaled.jpg\" \/>\n\t<meta property=\"og:image:width\" content=\"2560\" \/>\n\t<meta property=\"og:image:height\" content=\"1710\" \/>\n\t<meta property=\"og:image:type\" content=\"image\/jpeg\" \/>\n<meta name=\"twitter:card\" content=\"summary_large_image\" \/>\n<meta name=\"twitter:image\" content=\"https:\/\/empowermissouri.org\/app\/uploads\/2021\/08\/jo-szczepanska-5aiRb5f464A-unsplash-scaled.jpg\" \/>\n<meta name=\"twitter:site\" content=\"@empowermissouri\" \/>\n<meta name=\"twitter:label1\" content=\"Est. reading time\" \/>\n\t<meta name=\"twitter:data1\" content=\"2 minutes\" \/>\n\t<meta name=\"twitter:label2\" content=\"Written by\" \/>\n\t<meta name=\"twitter:data2\" content=\"Empower Missouri\" \/>\n<script type=\"application\/ld+json\" class=\"yoast-schema-graph\">{\"@context\":\"https:\\\/\\\/schema.org\",\"@graph\":[{\"@type\":\"WebPage\",\"@id\":\"https:\\\/\\\/empowermissouri.org\\\/training\\\/\",\"url\":\"https:\\\/\\\/empowermissouri.org\\\/training\\\/\",\"name\":\"Training Opportunities - Empower Missouri\",\"isPartOf\":{\"@id\":\"https:\\\/\\\/empowermissouri.org\\\/#website\"},\"datePublished\":\"2021-08-10T20:25:34+00:00\",\"dateModified\":\"2025-06-11T19:10:34+00:00\",\"breadcrumb\":{\"@id\":\"https:\\\/\\\/empowermissouri.org\\\/training\\\/#breadcrumb\"},\"inLanguage\":\"es-MX\",\"potentialAction\":[{\"@type\":\"ReadAction\",\"target\":[\"https:\\\/\\\/empowermissouri.org\\\/training\\\/\"]}]},{\"@type\":\"BreadcrumbList\",\"@id\":\"https:\\\/\\\/empowermissouri.org\\\/training\\\/#breadcrumb\",\"itemListElement\":[{\"@type\":\"ListItem\",\"position\":1,\"name\":\"Home\",\"item\":\"https:\\\/\\\/empowermissouri.org\\\/\"},{\"@type\":\"ListItem\",\"position\":2,\"name\":\"Training Opportunities\"}]},{\"@type\":\"WebSite\",\"@id\":\"https:\\\/\\\/empowermissouri.org\\\/#website\",\"url\":\"https:\\\/\\\/empowermissouri.org\\\/\",\"name\":\"Empower Missouri\",\"description\":\"Advocating for Justice | Empowering Change\",\"publisher\":{\"@id\":\"https:\\\/\\\/empowermissouri.org\\\/#organization\"},\"potentialAction\":[{\"@type\":\"SearchAction\",\"target\":{\"@type\":\"EntryPoint\",\"urlTemplate\":\"https:\\\/\\\/empowermissouri.org\\\/?s={search_term_string}\"},\"query-input\":{\"@type\":\"PropertyValueSpecification\",\"valueRequired\":true,\"valueName\":\"search_term_string\"}}],\"inLanguage\":\"es-MX\"},{\"@type\":\"Organization\",\"@id\":\"https:\\\/\\\/empowermissouri.org\\\/#organization\",\"name\":\"Empower Missouri\",\"url\":\"https:\\\/\\\/empowermissouri.org\\\/\",\"logo\":{\"@type\":\"ImageObject\",\"inLanguage\":\"es-MX\",\"@id\":\"https:\\\/\\\/empowermissouri.org\\\/#\\\/schema\\\/logo\\\/image\\\/\",\"url\":\"http:\\\/\\\/empowermissouri.org\\\/app\\\/uploads\\\/2018\\\/08\\\/logo_button.png\",\"contentUrl\":\"http:\\\/\\\/empowermissouri.org\\\/app\\\/uploads\\\/2018\\\/08\\\/logo_button.png\",\"width\":579,\"height\":579,\"caption\":\"Empower Missouri\"},\"image\":{\"@id\":\"https:\\\/\\\/empowermissouri.org\\\/#\\\/schema\\\/logo\\\/image\\\/\"},\"sameAs\":[\"https:\\\/\\\/www.facebook.com\\\/empowermissouri\",\"https:\\\/\\\/x.com\\\/empowermissouri\",\"https:\\\/\\\/www.instagram.com\\\/empowermissouri\\\/\",\"https:\\\/\\\/www.linkedin.com\\\/company\\\/empower-missouri\\\/\"]}]}<\/script>\n<!-- \/ Yoast SEO plugin. -->","yoast_head_json":{"title":"Training Opportunities - Empower Missouri","robots":{"index":"index","follow":"follow","max-snippet":"max-snippet:-1","max-image-preview":"max-image-preview:large","max-video-preview":"max-video-preview:-1"},"canonical":"https:\/\/empowermissouri.org\/es\/training\/","og_locale":"es_MX","og_type":"article","og_title":"Training Opportunities - Empower Missouri","og_description":"Take Your Advocacy and Leadership to the Next Level! Empower Missouri offers a wide range of programming designed for volunteers and community members, organizations and other professionals who have an interest in national, regional and local advocacy. We customize the following training opportunities to help your group meet their learning goals, giving you the opportunity [&hellip;]","og_url":"https:\/\/empowermissouri.org\/es\/training\/","og_site_name":"Empower Missouri","article_publisher":"https:\/\/www.facebook.com\/empowermissouri","article_modified_time":"2025-06-11T19:10:34+00:00","og_image":[{"width":2560,"height":1710,"url":"http:\/\/empowermissouri.org\/app\/uploads\/2021\/08\/jo-szczepanska-5aiRb5f464A-unsplash-scaled.jpg","type":"image\/jpeg"}],"twitter_card":"summary_large_image","twitter_image":"https:\/\/empowermissouri.org\/app\/uploads\/2021\/08\/jo-szczepanska-5aiRb5f464A-unsplash-scaled.jpg","twitter_site":"@empowermissouri","twitter_misc":{"Est. reading time":"2 minutes","Written by":"Empower Missouri"},"schema":{"@context":"https:\/\/schema.org","@graph":[{"@type":"WebPage","@id":"https:\/\/empowermissouri.org\/training\/","url":"https:\/\/empowermissouri.org\/training\/","name":"Training Opportunities - Empower Missouri","isPartOf":{"@id":"https:\/\/empowermissouri.org\/#website"},"datePublished":"2021-08-10T20:25:34+00:00","dateModified":"2025-06-11T19:10:34+00:00","breadcrumb":{"@id":"https:\/\/empowermissouri.org\/training\/#breadcrumb"},"inLanguage":"es-MX","potentialAction":[{"@type":"ReadAction","target":["https:\/\/empowermissouri.org\/training\/"]}]},{"@type":"BreadcrumbList","@id":"https:\/\/empowermissouri.org\/training\/#breadcrumb","itemListElement":[{"@type":"ListItem","position":1,"name":"Home","item":"https:\/\/empowermissouri.org\/"},{"@type":"ListItem","position":2,"name":"Training Opportunities"}]},{"@type":"WebSite","@id":"https:\/\/empowermissouri.org\/#website","url":"https:\/\/empowermissouri.org\/","name":"Empoderar a Missouri","description":"Advocating for Justice | Empowering Change","publisher":{"@id":"https:\/\/empowermissouri.org\/#organization"},"potentialAction":[{"@type":"SearchAction","target":{"@type":"EntryPoint","urlTemplate":"https:\/\/empowermissouri.org\/?s={search_term_string}"},"query-input":{"@type":"PropertyValueSpecification","valueRequired":true,"valueName":"search_term_string"}}],"inLanguage":"es-MX"},{"@type":"Organization","@id":"https:\/\/empowermissouri.org\/#organization","name":"Empoderar a Missouri","url":"https:\/\/empowermissouri.org\/","logo":{"@type":"ImageObject","inLanguage":"es-MX","@id":"https:\/\/empowermissouri.org\/#\/schema\/logo\/image\/","url":"http:\/\/empowermissouri.org\/app\/uploads\/2018\/08\/logo_button.png","contentUrl":"http:\/\/empowermissouri.org\/app\/uploads\/2018\/08\/logo_button.png","width":579,"height":579,"caption":"Empower Missouri"},"image":{"@id":"https:\/\/empowermissouri.org\/#\/schema\/logo\/image\/"},"sameAs":["https:\/\/www.facebook.com\/empowermissouri","https:\/\/x.com\/empowermissouri","https:\/\/www.instagram.com\/empowermissouri\/","https:\/\/www.linkedin.com\/company\/empower-missouri\/"]}]}},"_links":{"self":[{"href":"https:\/\/empowermissouri.org\/es\/wp-json\/wp\/v2\/pages\/7150","targetHints":{"allow":["GET"]}}],"collection":[{"href":"https:\/\/empowermissouri.org\/es\/wp-json\/wp\/v2\/pages"}],"about":[{"href":"https:\/\/empowermissouri.org\/es\/wp-json\/wp\/v2\/types\/page"}],"author":[{"embeddable":true,"href":"https:\/\/empowermissouri.org\/es\/wp-json\/wp\/v2\/users\/1"}],"replies":[{"embeddable":true,"href":"https:\/\/empowermissouri.org\/es\/wp-json\/wp\/v2\/comments?post=7150"}],"version-history":[{"count":0,"href":"https:\/\/empowermissouri.org\/es\/wp-json\/wp\/v2\/pages\/7150\/revisions"}],"wp:attachment":[{"href":"https:\/\/empowermissouri.org\/es\/wp-json\/wp\/v2\/media?parent=7150"}],"wp:term":[{"taxonomy":"author","embeddable":true,"href":"https:\/\/empowermissouri.org\/es\/wp-json\/wp\/v2\/coauthors?post=7150"}],"curies":[{"name":"wp","href":"https:\/\/api.w.org\/{rel}","templated":true}]}}