{"id":7073,"date":"2021-07-26T13:58:59","date_gmt":"2021-07-26T18:58:59","guid":{"rendered":"http:\/\/empowermissouri.org\/?page_id=7073"},"modified":"2024-01-09T22:44:22","modified_gmt":"2024-01-10T04:44:22","slug":"advocacy-resources","status":"publish","type":"page","link":"https:\/\/empowermissouri.org\/es\/policy-priorities\/criminal-justice-reform\/advocacy-resources\/","title":{"rendered":"Community Justice Resources"},"content":{"rendered":"<p><span style=\"color: #000000;\">Obtenga m\u00e1s informaci\u00f3n sobre las prioridades legislativas de la Coalici\u00f3n por la Justicia Penal en estos enlaces:<\/span><\/p>\n<h4><span style=\"color: #000000;\">Rastreador de facturas:<\/span><\/h4>\n<ul>\n<li><span style=\"color: #0000ff;\"><strong><a style=\"color: #0000ff;\" href=\"http:\/\/empowermissouri.org\/es\/criminal-justice-reform-bill-tracker\/\">Community Justice Reform Bill Tracker<\/a><\/strong><\/span><\/li>\n<\/ul>\n<h4>Informes nacionales:\u00a0<\/h4>\n<ul>\n<li><strong><span style=\"color: #0000ff;\"><a style=\"color: #0000ff;\" href=\"https:\/\/static1.squarespace.com\/static\/5d128ac9071d0b00017ea5e3\/t\/5ebd7da2e6778a2d361635a5\/1589476774411\/Task+Force+Report.pdf\">El Grupo de Trabajo de Justicia de Emergencia insta a la C\u00e1mara de Representantes y al Senado a trabajar juntos para combatir la crisis de seguridad p\u00fablica<\/a><\/span><\/strong><\/li>\n<li><strong><span style=\"color: #0000ff;\"><a style=\"color: #0000ff;\" href=\"https:\/\/eji.org\/report\/race-and-the-jury\/\">Race y el jurado<\/a><\/span><\/strong><\/li>\n<\/ul>\n<h4><span style=\"color: #000000;\">Empleo y reincidencia:<\/span><\/h4>\n<ul>\n<li><span style=\"color: #0000ff;\"><strong><a style=\"color: #0000ff;\" href=\"https:\/\/www.prisonpolicy.org\/research\/recidivism_and_reentry\/\">\u00bfSab\u00edas? Empleo y reincidencia<\/a><\/strong><\/span><\/li>\n<li><span style=\"color: #0000ff;\"><strong><a style=\"color: #0000ff;\" href=\"http:\/\/empowermissouri.org\/es\/app\/uploads\/2020\/02\/primary-care-giver-fact-sheet-2020.pdf\/\">Legislaci\u00f3n del cuidador principal - Missouri Appleseed<\/a><\/strong><\/span><span style=\"color: #0000ff;\"><strong><br \/><\/strong><\/span><\/li>\n<\/ul>\n<h4><strong>Encarcelamiento masivo:<\/strong><\/h4>\n<ul>\n<li class=\"text-center\"><strong><span style=\"color: #0000ff;\"><a style=\"color: #0000ff;\" href=\"https:\/\/www.sentencingproject.org\/publications\/black-disparities-youth-incarceration\/\">Disparidades negras en el encarcelamiento de j\u00f3venes<\/a><\/span><\/strong><\/li>\n<li class=\"text-center\"><strong><span style=\"color: #0000ff;\"><a style=\"color: #0000ff;\" href=\"https:\/\/www.prisonpolicy.org\/reports\/diversion.html\">Construcci\u00f3n de salidas de la carretera al encarcelamiento masivo: explicaciones de los programas de desv\u00edo<\/a><\/span><\/strong><\/li>\n<\/ul>\n<p><span class=\"has-inline-color has-black-color\" style=\"color: #000000;\" data-rich-text-format-boundary=\"true\">Hacer clic<\/span><span class=\"has-inline-color\">\u00a0<\/span><span style=\"color: #0000ff;\"><a style=\"color: #0000ff;\" href=\"http:\/\/empowermissouri.org\/es\/events\/\" target=\"_blank\" rel=\"noreferrer noopener\"><strong><span class=\"has-inline-color\">AQU\u00cd\u00a0<\/span><\/strong><\/a><\/span><span style=\"color: #000000;\"><span class=\"has-inline-color has-black-color\">to view our events page to learn when the next Community Justice Coalition meeting will be held. It is staffed by Gwen Smith-Moore.<\/span><\/span><\/p>\n<p><span style=\"color: #000000;\">Use the form below to let us know that you&#8217;re interested in joining our Community Justice Coalition.<\/span><\/p>\n\n\n<script type=\"text\/javascript\" src=\"https:\/\/d3rse9xjbp8270.cloudfront.net\/at.js\" crossorigin=\"anonymous\"><\/script>\n<div class=\"ngp-form\" data-form-url=\"https:\/\/actions.everyaction.com\/v1\/Forms\/qKNFcMekx0aSoIsPPldt_g2\" data-fastaction-endpoint=\"https:\/\/fastaction.ngpvan.com\" data-inline-errors=\"true\" data-fastaction-nologin=\"true\" data-databag-endpoint=\"https:\/\/profile.ngpvan.com\" data-databag=\"everybody\" data-mobile-autofocus=\"false\"><\/div>","protected":false},"excerpt":{"rendered":"<p>Learn more about the Criminal Justice Coalition&#8217;s legislative priorities at these links: Bill Tracker: Community Justice Reform Bill Tracker National Reports:\u00a0 Emergency Justice Task Force Urges House and Senate to Work Together to Combat Raging Public Safety Crisis Race and the Jury Employment and Recidivism: Did you know? Employment and Recidivism Primary Caregiver Legislation &#8211; [&hellip;]<\/p>\n","protected":false},"author":1,"featured_media":0,"parent":9845,"menu_order":0,"comment_status":"closed","ping_status":"closed","template":"","meta":{"_exactmetrics_skip_tracking":false,"_exactmetrics_sitenote_active":false,"_exactmetrics_sitenote_note":"","_exactmetrics_sitenote_category":0,"footnotes":""},"coauthors":[359],"class_list":["post-7073","page","type-page","status-publish","hentry"],"yoast_head":"<!-- This site is optimized with the Yoast SEO plugin v27.4 - https:\/\/yoast.com\/product\/yoast-seo-wordpress\/ -->\n<title>Community Justice Resources - Empower Missouri<\/title>\n<meta name=\"robots\" content=\"index, follow, max-snippet:-1, max-image-preview:large, max-video-preview:-1\" \/>\n<link rel=\"canonical\" href=\"https:\/\/empowermissouri.org\/es\/policy-priorities\/criminal-justice-reform\/advocacy-resources\/\" \/>\n<meta property=\"og:locale\" content=\"es_MX\" \/>\n<meta property=\"og:type\" content=\"article\" \/>\n<meta property=\"og:title\" content=\"Community Justice Resources - Empower Missouri\" \/>\n<meta property=\"og:description\" content=\"Learn more about the Criminal Justice Coalition&#8217;s legislative priorities at these links: Bill Tracker: Community Justice Reform Bill Tracker National Reports:\u00a0 Emergency Justice Task Force Urges House and Senate to Work Together to Combat Raging Public Safety Crisis Race and the Jury Employment and Recidivism: Did you know? Employment and Recidivism Primary Caregiver Legislation &#8211; [&hellip;]\" \/>\n<meta property=\"og:url\" content=\"https:\/\/empowermissouri.org\/es\/policy-priorities\/criminal-justice-reform\/advocacy-resources\/\" \/>\n<meta property=\"og:site_name\" content=\"Empower Missouri\" \/>\n<meta property=\"article:publisher\" content=\"https:\/\/www.facebook.com\/empowermissouri\" \/>\n<meta property=\"article:modified_time\" content=\"2024-01-10T04:44:22+00:00\" \/>\n<meta property=\"og:image\" content=\"http:\/\/empowermissouri.org\/app\/uploads\/2021\/04\/pablo-padilla-B0U_OFXXSNo-unsplash-scaled.jpg\" \/>\n\t<meta property=\"og:image:width\" content=\"2560\" \/>\n\t<meta property=\"og:image:height\" content=\"1500\" \/>\n\t<meta property=\"og:image:type\" content=\"image\/jpeg\" \/>\n<meta name=\"twitter:card\" content=\"summary_large_image\" \/>\n<meta name=\"twitter:image\" content=\"https:\/\/empowermissouri.org\/app\/uploads\/2021\/04\/pablo-padilla-B0U_OFXXSNo-unsplash-scaled.jpg\" \/>\n<meta name=\"twitter:site\" content=\"@empowermissouri\" \/>\n<meta name=\"twitter:label1\" content=\"Est. reading time\" \/>\n\t<meta name=\"twitter:data1\" content=\"1 minute\" \/>\n\t<meta name=\"twitter:label2\" content=\"Written by\" \/>\n\t<meta name=\"twitter:data2\" content=\"Empower Missouri\" \/>\n<script type=\"application\/ld+json\" class=\"yoast-schema-graph\">{\"@context\":\"https:\\\/\\\/schema.org\",\"@graph\":[{\"@type\":\"WebPage\",\"@id\":\"https:\\\/\\\/empowermissouri.org\\\/policy-priorities\\\/criminal-justice-reform\\\/advocacy-resources\\\/\",\"url\":\"https:\\\/\\\/empowermissouri.org\\\/policy-priorities\\\/criminal-justice-reform\\\/advocacy-resources\\\/\",\"name\":\"Community Justice Resources - Empower Missouri\",\"isPartOf\":{\"@id\":\"https:\\\/\\\/empowermissouri.org\\\/#website\"},\"datePublished\":\"2021-07-26T18:58:59+00:00\",\"dateModified\":\"2024-01-10T04:44:22+00:00\",\"breadcrumb\":{\"@id\":\"https:\\\/\\\/empowermissouri.org\\\/policy-priorities\\\/criminal-justice-reform\\\/advocacy-resources\\\/#breadcrumb\"},\"inLanguage\":\"es-MX\",\"potentialAction\":[{\"@type\":\"ReadAction\",\"target\":[\"https:\\\/\\\/empowermissouri.org\\\/policy-priorities\\\/criminal-justice-reform\\\/advocacy-resources\\\/\"]}]},{\"@type\":\"BreadcrumbList\",\"@id\":\"https:\\\/\\\/empowermissouri.org\\\/policy-priorities\\\/criminal-justice-reform\\\/advocacy-resources\\\/#breadcrumb\",\"itemListElement\":[{\"@type\":\"ListItem\",\"position\":1,\"name\":\"Home\",\"item\":\"https:\\\/\\\/empowermissouri.org\\\/\"},{\"@type\":\"ListItem\",\"position\":2,\"name\":\"Policy Priorities\",\"item\":\"https:\\\/\\\/empowermissouri.org\\\/policy-priorities\\\/\"},{\"@type\":\"ListItem\",\"position\":3,\"name\":\"Criminal Justice Reform\",\"item\":\"https:\\\/\\\/empowermissouri.org\\\/policy-priorities\\\/criminal-justice-reform\\\/\"},{\"@type\":\"ListItem\",\"position\":4,\"name\":\"Community Justice Resources\"}]},{\"@type\":\"WebSite\",\"@id\":\"https:\\\/\\\/empowermissouri.org\\\/#website\",\"url\":\"https:\\\/\\\/empowermissouri.org\\\/\",\"name\":\"Empower Missouri\",\"description\":\"Advocating for Justice | Empowering Change\",\"publisher\":{\"@id\":\"https:\\\/\\\/empowermissouri.org\\\/#organization\"},\"potentialAction\":[{\"@type\":\"SearchAction\",\"target\":{\"@type\":\"EntryPoint\",\"urlTemplate\":\"https:\\\/\\\/empowermissouri.org\\\/?s={search_term_string}\"},\"query-input\":{\"@type\":\"PropertyValueSpecification\",\"valueRequired\":true,\"valueName\":\"search_term_string\"}}],\"inLanguage\":\"es-MX\"},{\"@type\":\"Organization\",\"@id\":\"https:\\\/\\\/empowermissouri.org\\\/#organization\",\"name\":\"Empower Missouri\",\"url\":\"https:\\\/\\\/empowermissouri.org\\\/\",\"logo\":{\"@type\":\"ImageObject\",\"inLanguage\":\"es-MX\",\"@id\":\"https:\\\/\\\/empowermissouri.org\\\/#\\\/schema\\\/logo\\\/image\\\/\",\"url\":\"http:\\\/\\\/empowermissouri.org\\\/app\\\/uploads\\\/2018\\\/08\\\/logo_button.png\",\"contentUrl\":\"http:\\\/\\\/empowermissouri.org\\\/app\\\/uploads\\\/2018\\\/08\\\/logo_button.png\",\"width\":579,\"height\":579,\"caption\":\"Empower Missouri\"},\"image\":{\"@id\":\"https:\\\/\\\/empowermissouri.org\\\/#\\\/schema\\\/logo\\\/image\\\/\"},\"sameAs\":[\"https:\\\/\\\/www.facebook.com\\\/empowermissouri\",\"https:\\\/\\\/x.com\\\/empowermissouri\",\"https:\\\/\\\/www.instagram.com\\\/empowermissouri\\\/\",\"https:\\\/\\\/www.linkedin.com\\\/company\\\/empower-missouri\\\/\"]}]}<\/script>\n<!-- \/ Yoast SEO plugin. -->","yoast_head_json":{"title":"Community Justice Resources - Empower Missouri","robots":{"index":"index","follow":"follow","max-snippet":"max-snippet:-1","max-image-preview":"max-image-preview:large","max-video-preview":"max-video-preview:-1"},"canonical":"https:\/\/empowermissouri.org\/es\/policy-priorities\/criminal-justice-reform\/advocacy-resources\/","og_locale":"es_MX","og_type":"article","og_title":"Community Justice Resources - Empower Missouri","og_description":"Learn more about the Criminal Justice Coalition&#8217;s legislative priorities at these links: Bill Tracker: Community Justice Reform Bill Tracker National Reports:\u00a0 Emergency Justice Task Force Urges House and Senate to Work Together to Combat Raging Public Safety Crisis Race and the Jury Employment and Recidivism: Did you know? Employment and Recidivism Primary Caregiver Legislation &#8211; [&hellip;]","og_url":"https:\/\/empowermissouri.org\/es\/policy-priorities\/criminal-justice-reform\/advocacy-resources\/","og_site_name":"Empower Missouri","article_publisher":"https:\/\/www.facebook.com\/empowermissouri","article_modified_time":"2024-01-10T04:44:22+00:00","og_image":[{"width":2560,"height":1500,"url":"http:\/\/empowermissouri.org\/app\/uploads\/2021\/04\/pablo-padilla-B0U_OFXXSNo-unsplash-scaled.jpg","type":"image\/jpeg"}],"twitter_card":"summary_large_image","twitter_image":"https:\/\/empowermissouri.org\/app\/uploads\/2021\/04\/pablo-padilla-B0U_OFXXSNo-unsplash-scaled.jpg","twitter_site":"@empowermissouri","twitter_misc":{"Est. reading time":"1 minute","Written by":"Empower Missouri"},"schema":{"@context":"https:\/\/schema.org","@graph":[{"@type":"WebPage","@id":"https:\/\/empowermissouri.org\/policy-priorities\/criminal-justice-reform\/advocacy-resources\/","url":"https:\/\/empowermissouri.org\/policy-priorities\/criminal-justice-reform\/advocacy-resources\/","name":"Community Justice Resources - Empower Missouri","isPartOf":{"@id":"https:\/\/empowermissouri.org\/#website"},"datePublished":"2021-07-26T18:58:59+00:00","dateModified":"2024-01-10T04:44:22+00:00","breadcrumb":{"@id":"https:\/\/empowermissouri.org\/policy-priorities\/criminal-justice-reform\/advocacy-resources\/#breadcrumb"},"inLanguage":"es-MX","potentialAction":[{"@type":"ReadAction","target":["https:\/\/empowermissouri.org\/policy-priorities\/criminal-justice-reform\/advocacy-resources\/"]}]},{"@type":"BreadcrumbList","@id":"https:\/\/empowermissouri.org\/policy-priorities\/criminal-justice-reform\/advocacy-resources\/#breadcrumb","itemListElement":[{"@type":"ListItem","position":1,"name":"Home","item":"https:\/\/empowermissouri.org\/"},{"@type":"ListItem","position":2,"name":"Policy Priorities","item":"https:\/\/empowermissouri.org\/policy-priorities\/"},{"@type":"ListItem","position":3,"name":"Criminal Justice Reform","item":"https:\/\/empowermissouri.org\/policy-priorities\/criminal-justice-reform\/"},{"@type":"ListItem","position":4,"name":"Community Justice Resources"}]},{"@type":"WebSite","@id":"https:\/\/empowermissouri.org\/#website","url":"https:\/\/empowermissouri.org\/","name":"Empoderar a Missouri","description":"Advocating for Justice | Empowering Change","publisher":{"@id":"https:\/\/empowermissouri.org\/#organization"},"potentialAction":[{"@type":"SearchAction","target":{"@type":"EntryPoint","urlTemplate":"https:\/\/empowermissouri.org\/?s={search_term_string}"},"query-input":{"@type":"PropertyValueSpecification","valueRequired":true,"valueName":"search_term_string"}}],"inLanguage":"es-MX"},{"@type":"Organization","@id":"https:\/\/empowermissouri.org\/#organization","name":"Empoderar a Missouri","url":"https:\/\/empowermissouri.org\/","logo":{"@type":"ImageObject","inLanguage":"es-MX","@id":"https:\/\/empowermissouri.org\/#\/schema\/logo\/image\/","url":"http:\/\/empowermissouri.org\/app\/uploads\/2018\/08\/logo_button.png","contentUrl":"http:\/\/empowermissouri.org\/app\/uploads\/2018\/08\/logo_button.png","width":579,"height":579,"caption":"Empower Missouri"},"image":{"@id":"https:\/\/empowermissouri.org\/#\/schema\/logo\/image\/"},"sameAs":["https:\/\/www.facebook.com\/empowermissouri","https:\/\/x.com\/empowermissouri","https:\/\/www.instagram.com\/empowermissouri\/","https:\/\/www.linkedin.com\/company\/empower-missouri\/"]}]}},"_links":{"self":[{"href":"https:\/\/empowermissouri.org\/es\/wp-json\/wp\/v2\/pages\/7073","targetHints":{"allow":["GET"]}}],"collection":[{"href":"https:\/\/empowermissouri.org\/es\/wp-json\/wp\/v2\/pages"}],"about":[{"href":"https:\/\/empowermissouri.org\/es\/wp-json\/wp\/v2\/types\/page"}],"author":[{"embeddable":true,"href":"https:\/\/empowermissouri.org\/es\/wp-json\/wp\/v2\/users\/1"}],"replies":[{"embeddable":true,"href":"https:\/\/empowermissouri.org\/es\/wp-json\/wp\/v2\/comments?post=7073"}],"version-history":[{"count":0,"href":"https:\/\/empowermissouri.org\/es\/wp-json\/wp\/v2\/pages\/7073\/revisions"}],"up":[{"embeddable":true,"href":"https:\/\/empowermissouri.org\/es\/wp-json\/wp\/v2\/pages\/9845"}],"wp:attachment":[{"href":"https:\/\/empowermissouri.org\/es\/wp-json\/wp\/v2\/media?parent=7073"}],"wp:term":[{"taxonomy":"author","embeddable":true,"href":"https:\/\/empowermissouri.org\/es\/wp-json\/wp\/v2\/coauthors?post=7073"}],"curies":[{"name":"wp","href":"https:\/\/api.w.org\/{rel}","templated":true}]}}