{"id":7062,"date":"2021-07-26T13:51:06","date_gmt":"2021-07-26T18:51:06","guid":{"rendered":"http:\/\/empowermissouri.org\/?page_id=7062"},"modified":"2026-02-09T13:29:40","modified_gmt":"2026-02-09T19:29:40","slug":"advocacy-resources","status":"publish","type":"page","link":"https:\/\/empowermissouri.org\/es\/policy-priorities\/food-security\/advocacy-resources\/","title":{"rendered":"Food Security Advocacy Resources"},"content":{"rendered":"<p><span style=\"color: #000000;\">Learn more about the Food Security Coalition\u2019s legislative priorities:<\/span><\/p>\n\n\n\n<p><span style=\"color: #0038a8;\"><strong><a style=\"color: #0038a8;\" href=\"http:\/\/empowermissouri.org\/es\/food-security-bill-tracker\/\">Rastreador de facturas de reforma de la seguridad alimentaria<\/a><\/strong><\/span><\/p>\n\n\n\n<h4 class=\"wp-block-heading\"><span style=\"color: #000000;\">Printable Fact Sheets &amp; Resources from Empower Missouri<\/span><\/h4>\n\n\n\n<ul class=\"wp-block-list\">\n<li><strong><a href=\"https:\/\/empowermissouri.org\/es\/policy-priorities\/food-security\/advocacy-resources\/food-security-and-safety-net-101\/\" target=\"_blank\" rel=\"noopener\">Food Security &amp; Safety Net 101 Glossary<\/a><\/strong><\/li>\n\n\n\n<li><strong><a href=\"http:\/\/empowermissouri.org\/es\/app\/uploads\/2023\/09\/Farm-Bill-one-pager-For-Advocates.pdf\/\" target=\"_blank\" rel=\"noopener\">Farm Bill Primer 2023<\/a><\/strong><\/li>\n\n\n\n<li><a href=\"http:\/\/empowermissouri.org\/es\/app\/uploads\/2023\/10\/Senior-Hunger-Fact-Sheet-3.pdf\/\" target=\"_blank\" rel=\"noreferrer noopener\"><strong>Fact Sheet: Older Adults &amp; Food Insecurity in Missouri<\/strong><\/a><\/li>\n<\/ul>\n\n\n\n<h4 class=\"wp-block-heading\"><span style=\"color: #000000;\">More Information from Our Partners:<\/span><\/h4>\n\n\n\n<ul class=\"wp-block-list\">\n<li><strong><a href=\"https:\/\/mffh.org\/publications\/missouri-snap-basics-2023\/?emci=7d44a9f1-6dc7-ee11-85f9-002248223794&amp;emdi=b6790a4e-d4c9-ee11-85f9-002248223794&amp;ceid=11504064\" target=\"_blank\" rel=\"noreferrer noopener\">Missouri SNAP Basics<\/a>, Missouri Foundation for Health<\/strong><\/li>\n\n\n\n<li><strong><a href=\"https:\/\/frac.org\/action\/snap-farm-bill\/road-to-the-farm-bill\" target=\"_blank\" rel=\"noopener\">FRAC&#8217;s Road to the Farm Bill<\/a><\/strong><\/li>\n\n\n\n<li><strong><a href=\"https:\/\/foodsecurity.missouri.edu\/foodassistanceandhungerintheheartland\/\" target=\"_blank\" rel=\"noopener\">Hunger in the Heartland 2021 Report<\/a><\/strong><\/li>\n\n\n\n<li><span style=\"color: #333399;\"><a href=\"https:\/\/hungerreport.org\/2020\/\" target=\"_blank\" rel=\"noreferrer noopener\"><strong>Bread for the World&#8217;s 2020 Hunger Report: <\/strong><\/a><\/span><span style=\"\"><a href=\"https:\/\/hungerreport.org\/2020\/\" target=\"_blank\" rel=\"noreferrer noopener\"><strong>Mejor nutrici\u00f3n, mejor ma\u00f1ana<\/strong><\/a><\/span><\/li>\n\n\n\n<li><span style=\"color: #333399;\"><strong><a href=\"https:\/\/mazon.org\/wp-content\/uploads\/MAZON-Publications-Impact-Report-2020.pdf\" target=\"_blank\" rel=\"noreferrer noopener\">MAZON&#8217;s Impact Repo<\/a><a href=\"https:\/\/mazon.org\/wp-content\/uploads\/2023-Impact-Report.pdf\" target=\"_blank\" rel=\"noreferrer noopener\">rt 2023<\/a><\/strong><\/span><\/li>\n\n\n\n<li><a href=\"https:\/\/drive.google.com\/file\/d\/13KUq696P9_xtgSl1WKn-eSgS4zf_YKOg\/view\"><strong>Directory of Legislative Resources<\/strong><\/a><\/li>\n\n\n\n<li><strong><a href=\"https:\/\/drive.google.com\/file\/d\/1CFv9RlHJruEmY9H9nwklhBaUwKzLUmld\/view\">Missouri Advocacy Organizations<\/a><\/strong><\/li>\n<\/ul>\n\n\n\n<p><span style=\"background-color:rgba(0, 0, 0, 0);color: #000000;\" class=\"has-inline-color has-black-color\">Hacer clic<\/span><span style=\"background-color:rgba(0, 0, 0, 0)\" class=\"has-inline-color\">&nbsp;<\/span><a href=\"http:\/\/empowermissouri.org\/es\/events\/\" target=\"_blank\" rel=\"noreferrer noopener\"><strong><span style=\"background-color:rgba(0, 0, 0, 0)\" class=\"has-inline-color\"><span style=\"color: #0038a8;\">AQU\u00cd&nbsp;<\/span><\/span><\/strong><\/a><span style=\"background-color:rgba(0, 0, 0, 0);color: #000000;\" class=\"has-inline-color has-black-color\">para ver nuestra p\u00e1gina de eventos para saber cu\u00e1ndo se llevar\u00e1 a cabo la pr\u00f3xima reuni\u00f3n de la Coalici\u00f3n de Seguridad Alimentaria. Est\u00e1 atendido por<\/span> <a href=\"http:\/\/empowermissouri.org\/es\/personnel\/christine-woody\/\"><strong><span style=\"background-color:rgba(0, 0, 0, 0)\" class=\"has-inline-color\"><span style=\"color: #0038a8;\">Christine Woody.<\/span><\/span><\/strong><\/a><\/p>\n\n\n\n<script type=\"text\/javascript\" src=\"https:\/\/d3rse9xjbp8270.cloudfront.net\/at.js\" crossorigin=\"anonymous\"><\/script>\n <div class=\"ngp-form\" data-form-url=\"https:\/\/actions.everyaction.com\/v1\/Forms\/_1n6wggV_0qC6g00MQL23Q2\" data-fastaction-endpoint=\"https:\/\/fastaction.ngpvan.com\" data-inline-errors=\"true\" data-fastaction-nologin=\"true\" data-databag-endpoint=\"https:\/\/profile.ngpvan.com\" data-databag=\"everybody\" data-mobile-autofocus=\"false\">\n<\/div>\n\n\n\n<p><\/p>","protected":false},"excerpt":{"rendered":"<p>Learn more about the Food Security Coalition\u2019s legislative priorities: Food Security Reform Bill Tracker Printable Fact Sheets &amp; Resources from Empower Missouri More Information from Our Partners: Click&nbsp;HERE&nbsp;to view our events page to learn when the next Food Security Coalition meeting will be held. It is staffed by Christine Woody.<\/p>","protected":false},"author":1,"featured_media":0,"parent":9852,"menu_order":0,"comment_status":"closed","ping_status":"closed","template":"","meta":{"_exactmetrics_skip_tracking":false,"_exactmetrics_sitenote_active":false,"_exactmetrics_sitenote_note":"","_exactmetrics_sitenote_category":0,"footnotes":""},"coauthors":[359],"class_list":["post-7062","page","type-page","status-publish","hentry"],"yoast_head":"<!-- This site is optimized with the Yoast SEO plugin v27.4 - https:\/\/yoast.com\/product\/yoast-seo-wordpress\/ -->\n<title>Food Security Advocacy Resources - Empower Missouri<\/title>\n<meta name=\"robots\" content=\"index, follow, max-snippet:-1, max-image-preview:large, max-video-preview:-1\" \/>\n<link rel=\"canonical\" href=\"https:\/\/empowermissouri.org\/es\/policy-priorities\/food-security\/advocacy-resources\/\" \/>\n<meta property=\"og:locale\" content=\"es_MX\" \/>\n<meta property=\"og:type\" content=\"article\" \/>\n<meta property=\"og:title\" content=\"Food Security Advocacy Resources - Empower Missouri\" \/>\n<meta property=\"og:description\" content=\"Learn more about the Food Security Coalition\u2019s legislative priorities: Food Security Reform Bill Tracker Printable Fact Sheets &amp; Resources from Empower Missouri More Information from Our Partners: Click&nbsp;HERE&nbsp;to view our events page to learn when the next Food Security Coalition meeting will be held. It is staffed by Christine Woody.\" \/>\n<meta property=\"og:url\" content=\"https:\/\/empowermissouri.org\/es\/policy-priorities\/food-security\/advocacy-resources\/\" \/>\n<meta property=\"og:site_name\" content=\"Empower Missouri\" \/>\n<meta property=\"article:publisher\" content=\"https:\/\/www.facebook.com\/empowermissouri\" \/>\n<meta property=\"article:modified_time\" content=\"2026-02-09T19:29:40+00:00\" \/>\n<meta property=\"og:image\" content=\"http:\/\/empowermissouri.org\/app\/uploads\/2018\/12\/food__nutrition.jpg\" \/>\n\t<meta property=\"og:image:width\" content=\"350\" \/>\n\t<meta property=\"og:image:height\" content=\"268\" \/>\n\t<meta property=\"og:image:type\" content=\"image\/jpeg\" \/>\n<meta name=\"twitter:card\" content=\"summary_large_image\" \/>\n<meta name=\"twitter:image\" content=\"https:\/\/empowermissouri.org\/app\/uploads\/2018\/12\/food__nutrition.jpg\" \/>\n<meta name=\"twitter:site\" content=\"@empowermissouri\" \/>\n<meta name=\"twitter:label1\" content=\"Est. reading time\" \/>\n\t<meta name=\"twitter:data1\" content=\"1 minute\" \/>\n\t<meta name=\"twitter:label2\" content=\"Written by\" \/>\n\t<meta name=\"twitter:data2\" content=\"Empower Missouri\" \/>\n<script type=\"application\/ld+json\" class=\"yoast-schema-graph\">{\"@context\":\"https:\\\/\\\/schema.org\",\"@graph\":[{\"@type\":\"WebPage\",\"@id\":\"https:\\\/\\\/empowermissouri.org\\\/policy-priorities\\\/food-security\\\/advocacy-resources\\\/\",\"url\":\"https:\\\/\\\/empowermissouri.org\\\/policy-priorities\\\/food-security\\\/advocacy-resources\\\/\",\"name\":\"Food Security Advocacy Resources - Empower Missouri\",\"isPartOf\":{\"@id\":\"https:\\\/\\\/empowermissouri.org\\\/#website\"},\"datePublished\":\"2021-07-26T18:51:06+00:00\",\"dateModified\":\"2026-02-09T19:29:40+00:00\",\"breadcrumb\":{\"@id\":\"https:\\\/\\\/empowermissouri.org\\\/policy-priorities\\\/food-security\\\/advocacy-resources\\\/#breadcrumb\"},\"inLanguage\":\"es-MX\",\"potentialAction\":[{\"@type\":\"ReadAction\",\"target\":[\"https:\\\/\\\/empowermissouri.org\\\/policy-priorities\\\/food-security\\\/advocacy-resources\\\/\"]}]},{\"@type\":\"BreadcrumbList\",\"@id\":\"https:\\\/\\\/empowermissouri.org\\\/policy-priorities\\\/food-security\\\/advocacy-resources\\\/#breadcrumb\",\"itemListElement\":[{\"@type\":\"ListItem\",\"position\":1,\"name\":\"Home\",\"item\":\"https:\\\/\\\/empowermissouri.org\\\/\"},{\"@type\":\"ListItem\",\"position\":2,\"name\":\"Policy Priorities\",\"item\":\"https:\\\/\\\/empowermissouri.org\\\/policy-priorities\\\/\"},{\"@type\":\"ListItem\",\"position\":3,\"name\":\"Food Security\",\"item\":\"https:\\\/\\\/empowermissouri.org\\\/policy-priorities\\\/food-security\\\/\"},{\"@type\":\"ListItem\",\"position\":4,\"name\":\"Food Security Advocacy Resources\"}]},{\"@type\":\"WebSite\",\"@id\":\"https:\\\/\\\/empowermissouri.org\\\/#website\",\"url\":\"https:\\\/\\\/empowermissouri.org\\\/\",\"name\":\"Empower Missouri\",\"description\":\"Advocating for Justice | Empowering Change\",\"publisher\":{\"@id\":\"https:\\\/\\\/empowermissouri.org\\\/#organization\"},\"potentialAction\":[{\"@type\":\"SearchAction\",\"target\":{\"@type\":\"EntryPoint\",\"urlTemplate\":\"https:\\\/\\\/empowermissouri.org\\\/?s={search_term_string}\"},\"query-input\":{\"@type\":\"PropertyValueSpecification\",\"valueRequired\":true,\"valueName\":\"search_term_string\"}}],\"inLanguage\":\"es-MX\"},{\"@type\":\"Organization\",\"@id\":\"https:\\\/\\\/empowermissouri.org\\\/#organization\",\"name\":\"Empower Missouri\",\"url\":\"https:\\\/\\\/empowermissouri.org\\\/\",\"logo\":{\"@type\":\"ImageObject\",\"inLanguage\":\"es-MX\",\"@id\":\"https:\\\/\\\/empowermissouri.org\\\/#\\\/schema\\\/logo\\\/image\\\/\",\"url\":\"http:\\\/\\\/empowermissouri.org\\\/app\\\/uploads\\\/2018\\\/08\\\/logo_button.png\",\"contentUrl\":\"http:\\\/\\\/empowermissouri.org\\\/app\\\/uploads\\\/2018\\\/08\\\/logo_button.png\",\"width\":579,\"height\":579,\"caption\":\"Empower Missouri\"},\"image\":{\"@id\":\"https:\\\/\\\/empowermissouri.org\\\/#\\\/schema\\\/logo\\\/image\\\/\"},\"sameAs\":[\"https:\\\/\\\/www.facebook.com\\\/empowermissouri\",\"https:\\\/\\\/x.com\\\/empowermissouri\",\"https:\\\/\\\/www.instagram.com\\\/empowermissouri\\\/\",\"https:\\\/\\\/www.linkedin.com\\\/company\\\/empower-missouri\\\/\"]}]}<\/script>\n<!-- \/ Yoast SEO plugin. -->","yoast_head_json":{"title":"Food Security Advocacy Resources - Empower Missouri","robots":{"index":"index","follow":"follow","max-snippet":"max-snippet:-1","max-image-preview":"max-image-preview:large","max-video-preview":"max-video-preview:-1"},"canonical":"https:\/\/empowermissouri.org\/es\/policy-priorities\/food-security\/advocacy-resources\/","og_locale":"es_MX","og_type":"article","og_title":"Food Security Advocacy Resources - Empower Missouri","og_description":"Learn more about the Food Security Coalition\u2019s legislative priorities: Food Security Reform Bill Tracker Printable Fact Sheets &amp; Resources from Empower Missouri More Information from Our Partners: Click&nbsp;HERE&nbsp;to view our events page to learn when the next Food Security Coalition meeting will be held. It is staffed by Christine Woody.","og_url":"https:\/\/empowermissouri.org\/es\/policy-priorities\/food-security\/advocacy-resources\/","og_site_name":"Empower Missouri","article_publisher":"https:\/\/www.facebook.com\/empowermissouri","article_modified_time":"2026-02-09T19:29:40+00:00","og_image":[{"width":350,"height":268,"url":"http:\/\/empowermissouri.org\/app\/uploads\/2018\/12\/food__nutrition.jpg","type":"image\/jpeg"}],"twitter_card":"summary_large_image","twitter_image":"https:\/\/empowermissouri.org\/app\/uploads\/2018\/12\/food__nutrition.jpg","twitter_site":"@empowermissouri","twitter_misc":{"Est. reading time":"1 minute","Written by":"Empower Missouri"},"schema":{"@context":"https:\/\/schema.org","@graph":[{"@type":"WebPage","@id":"https:\/\/empowermissouri.org\/policy-priorities\/food-security\/advocacy-resources\/","url":"https:\/\/empowermissouri.org\/policy-priorities\/food-security\/advocacy-resources\/","name":"Food Security Advocacy Resources - Empower Missouri","isPartOf":{"@id":"https:\/\/empowermissouri.org\/#website"},"datePublished":"2021-07-26T18:51:06+00:00","dateModified":"2026-02-09T19:29:40+00:00","breadcrumb":{"@id":"https:\/\/empowermissouri.org\/policy-priorities\/food-security\/advocacy-resources\/#breadcrumb"},"inLanguage":"es-MX","potentialAction":[{"@type":"ReadAction","target":["https:\/\/empowermissouri.org\/policy-priorities\/food-security\/advocacy-resources\/"]}]},{"@type":"BreadcrumbList","@id":"https:\/\/empowermissouri.org\/policy-priorities\/food-security\/advocacy-resources\/#breadcrumb","itemListElement":[{"@type":"ListItem","position":1,"name":"Home","item":"https:\/\/empowermissouri.org\/"},{"@type":"ListItem","position":2,"name":"Policy Priorities","item":"https:\/\/empowermissouri.org\/policy-priorities\/"},{"@type":"ListItem","position":3,"name":"Food Security","item":"https:\/\/empowermissouri.org\/policy-priorities\/food-security\/"},{"@type":"ListItem","position":4,"name":"Food Security Advocacy Resources"}]},{"@type":"WebSite","@id":"https:\/\/empowermissouri.org\/#website","url":"https:\/\/empowermissouri.org\/","name":"Empoderar a Missouri","description":"Advocating for Justice | Empowering Change","publisher":{"@id":"https:\/\/empowermissouri.org\/#organization"},"potentialAction":[{"@type":"SearchAction","target":{"@type":"EntryPoint","urlTemplate":"https:\/\/empowermissouri.org\/?s={search_term_string}"},"query-input":{"@type":"PropertyValueSpecification","valueRequired":true,"valueName":"search_term_string"}}],"inLanguage":"es-MX"},{"@type":"Organization","@id":"https:\/\/empowermissouri.org\/#organization","name":"Empoderar a Missouri","url":"https:\/\/empowermissouri.org\/","logo":{"@type":"ImageObject","inLanguage":"es-MX","@id":"https:\/\/empowermissouri.org\/#\/schema\/logo\/image\/","url":"http:\/\/empowermissouri.org\/app\/uploads\/2018\/08\/logo_button.png","contentUrl":"http:\/\/empowermissouri.org\/app\/uploads\/2018\/08\/logo_button.png","width":579,"height":579,"caption":"Empower Missouri"},"image":{"@id":"https:\/\/empowermissouri.org\/#\/schema\/logo\/image\/"},"sameAs":["https:\/\/www.facebook.com\/empowermissouri","https:\/\/x.com\/empowermissouri","https:\/\/www.instagram.com\/empowermissouri\/","https:\/\/www.linkedin.com\/company\/empower-missouri\/"]}]}},"_links":{"self":[{"href":"https:\/\/empowermissouri.org\/es\/wp-json\/wp\/v2\/pages\/7062","targetHints":{"allow":["GET"]}}],"collection":[{"href":"https:\/\/empowermissouri.org\/es\/wp-json\/wp\/v2\/pages"}],"about":[{"href":"https:\/\/empowermissouri.org\/es\/wp-json\/wp\/v2\/types\/page"}],"author":[{"embeddable":true,"href":"https:\/\/empowermissouri.org\/es\/wp-json\/wp\/v2\/users\/1"}],"replies":[{"embeddable":true,"href":"https:\/\/empowermissouri.org\/es\/wp-json\/wp\/v2\/comments?post=7062"}],"version-history":[{"count":0,"href":"https:\/\/empowermissouri.org\/es\/wp-json\/wp\/v2\/pages\/7062\/revisions"}],"up":[{"embeddable":true,"href":"https:\/\/empowermissouri.org\/es\/wp-json\/wp\/v2\/pages\/9852"}],"wp:attachment":[{"href":"https:\/\/empowermissouri.org\/es\/wp-json\/wp\/v2\/media?parent=7062"}],"wp:term":[{"taxonomy":"author","embeddable":true,"href":"https:\/\/empowermissouri.org\/es\/wp-json\/wp\/v2\/coauthors?post=7062"}],"curies":[{"name":"wp","href":"https:\/\/api.w.org\/{rel}","templated":true}]}}