{"id":6199,"date":"2021-01-20T16:47:40","date_gmt":"2021-01-20T22:47:40","guid":{"rendered":"http:\/\/empowermissouri.org\/?page_id=6199"},"modified":"2026-02-18T12:19:34","modified_gmt":"2026-02-18T18:19:34","slug":"public-documents","status":"publish","type":"page","link":"https:\/\/empowermissouri.org\/es\/about-us\/public-documents\/","title":{"rendered":"Documentos p\u00fablicos"},"content":{"rendered":"<p><span style=\"color: #000000;\"><strong>Empower Missouri est\u00e1 comprometido con la transparencia en todas nuestras operaciones. Para ayudarlo a comprender nuestros m\u00e9todos y procedimientos con respecto a la propiedad, las relaciones y afiliaciones locales, estatales y federales, a continuaci\u00f3n se incluye una lista de nuestros documentos p\u00fablicos para su revisi\u00f3n.\u00a0<\/strong><\/span><\/p>\n<p><a href=\"https:\/\/empowermissouri.org\/app\/uploads\/2026\/02\/2024-2025-Impact-Report-2.pdf\"><strong>2025 Impact Report<\/strong><\/a><\/p>\n<p><strong><a href=\"http:\/\/empowermissouri.org\/es\/app\/uploads\/2024\/12\/2023-2024-Impact-Report.pdf\/\">2024 Impact Report<\/a><\/strong><\/p>\n<p><strong><a href=\"http:\/\/empowermissouri.org\/es\/app\/uploads\/2024\/03\/2022-2023-Impact-Report.pdf\/\">2023 Impact Report<\/a><\/strong><\/p>\n<p><span style=\"color: #0000ff;\"><strong><a style=\"color: #0000ff;\" href=\"http:\/\/empowermissouri.org\/es\/about-us\/board-of-directors\/\">Junta Directiva<\/a><\/strong><\/span><\/p>\n<p><strong><span style=\"color: #000000;\">Actas de la Junta<\/span><\/strong><\/p>\n<ul>\n<li><span style=\"color: #0000ff;\"><strong><a style=\"color: #0000ff;\" href=\"https:\/\/t45011726.p.clickup-attachments.com\/t45011726\/45ab7365-3132-46c2-a3e1-cb585de086b6\/Empower%20July%20Board%20Meeting%20Minutes.pdf\">July 2023<\/a><\/strong><\/span><\/li>\n<li><span style=\"color: #0000ff;\"><strong><a style=\"color: #0000ff;\" href=\"https:\/\/t45011726.p.clickup-attachments.com\/t45011726\/2f13f118-bf43-42ef-bba4-d088333e7b44\/Empower%20June%202023%20Board%20Minutes.pdf\">June 2023<\/a><\/strong><\/span><\/li>\n<li><span style=\"color: #0000ff;\"><strong><a style=\"color: #0000ff;\" href=\"https:\/\/t45011726.p.clickup-attachments.com\/t45011726\/6af4332c-97b5-44d2-a53a-41296846e76e\/Empower%20May%202023%20Board%20Minutes.pdf\">May 2023<\/a><\/strong><\/span><\/li>\n<li><a href=\"http:\/\/empowermissouri.org\/es\/app\/uploads\/2023\/07\/Empower-Missourt-Meeting-Minutes-Jan-21-2023.docx.pdf\/\" target=\"_blank\" rel=\"noopener\"><span style=\"color: #0000ff;\"><b>January 2023<\/b><\/span><\/a><\/li>\n<li><a href=\"http:\/\/empowermissouri.org\/es\/app\/uploads\/2023\/07\/September-2022-Meeting-Minutes-1.pdf\/\" target=\"_blank\" rel=\"noopener\"><span style=\"color: #0000ff;\"><strong>September 2022<\/strong><\/span><\/a><b><\/b><\/li>\n<li><span style=\"color: #0000ff;\"><strong><a style=\"color: #0000ff;\" href=\"https:\/\/drive.google.com\/file\/d\/10ykrg1CkQnHx3UI5zGPCWVToT3XxAoFb\/view?usp=sharing\" target=\"_blank\" rel=\"noopener\">May 2022<\/a><\/strong><\/span><\/li>\n<li><span style=\"color: #0000ff;\"><strong><a style=\"color: #0000ff;\" href=\"https:\/\/drive.google.com\/file\/d\/1CdGoTfMcM4MtqimohQXyefzOyFTGflFZ\/view?usp=sharing\" target=\"_blank\" rel=\"noopener\">March 2022<\/a><\/strong><\/span><\/li>\n<li><span style=\"color: #0000ff;\"><strong><a style=\"color: #0000ff;\" href=\"https:\/\/drive.google.com\/file\/d\/1dDJIjFXI4SZ1hRrqhI7r0FLbdZFLDA5o\/view?usp=sharing\" target=\"_blank\" rel=\"noopener\">November 2021<\/a><\/strong><\/span><\/li>\n<li><span style=\"color: #0000ff;\"><strong><a style=\"color: #0000ff;\" href=\"https:\/\/drive.google.com\/file\/d\/1PTKSBbJz4nnl4IsE-80EiBQAHoZRoHZv\/view?usp=sharing\" target=\"_blank\" rel=\"noopener\">September 2021<\/a>\u00a0<\/strong><\/span><\/li>\n<li><span style=\"color: #0000ff;\"><strong><a style=\"color: #0000ff;\" href=\"https:\/\/drive.google.com\/file\/d\/1_teq2ttOPiDYoL6N-DXECWAXOJGAm85N\/view?usp=sharing\" target=\"_blank\" rel=\"noopener\">Julio 2021<\/a><\/strong><\/span><\/li>\n<li><span style=\"color: #0000ff;\"><strong><a style=\"color: #0000ff;\" href=\"https:\/\/drive.google.com\/file\/d\/1Y1ZIG1ZjhVIEQpgHdebBCbqns8lRjjEo\/view?usp=sharing\" target=\"_blank\" rel=\"noopener\">Junio 2021<\/a><\/strong><\/span><\/li>\n<li><span style=\"color: #0000ff;\"><strong><a style=\"color: #0000ff;\" href=\"https:\/\/drive.google.com\/file\/d\/1rYRTTXMIh4rRMg7iL_3fwxHm2gkKNMWe\/view?usp=sharing\" target=\"_blank\" rel=\"noopener\">Mayo de 2021<\/a><\/strong><\/span><\/li>\n<li><span style=\"color: #0000ff;\"><strong><a style=\"color: #0000ff;\" href=\"https:\/\/drive.google.com\/file\/d\/12m0YPWVFPK1LT7Fhe0hEo6QIRF0zgUAX\/view?usp=sharing\" target=\"_blank\" rel=\"noopener\">Marzo 2021<\/a><\/strong><\/span><\/li>\n<li><span style=\"color: #0000ff;\"><strong><a style=\"color: #0000ff;\" href=\"https:\/\/drive.google.com\/file\/d\/1b6r6vM5KXi98JQR_iRKPRnuqPMj3IhLs\/view?usp=sharing\" target=\"_blank\" rel=\"noopener\">Enero de 2021<\/a><\/strong><\/span><\/li>\n<li><span style=\"color: #0000ff;\"><strong><a style=\"color: #0000ff;\" href=\"https:\/\/drive.google.com\/file\/d\/15WkXvXVUbxOZVZYq9RUvkqPXFjV7P-ej\/view?usp=sharing\" target=\"_blank\" rel=\"noopener\">Diciembre de 2020<\/a><\/strong><\/span><\/li>\n<\/ul>\n<p><span style=\"color: #0000ff;\"><a style=\"color: #0000ff;\" href=\"https:\/\/drive.google.com\/file\/d\/1DZ94JdPfPsNnJWCJebqTKWY574S6VYR3\/view?usp=sharing\" target=\"_blank\" rel=\"noopener\"><strong>Estatutos<\/strong><\/a><\/span><\/p>\n<p><span style=\"color: #0000ff;\"><strong><a style=\"color: #0000ff;\" href=\"https:\/\/www.guidestar.org\/profile\/44-0547548\" target=\"_blank\" rel=\"noopener\">Presentaciones del IRS 990\u00a0<\/a><\/strong><\/span><\/p>\n<p><strong><span style=\"color: #000000;\">Estados financieros auditados<\/span><\/strong><\/p>\n<ul>\n<li><a href=\"http:\/\/empowermissouri.org\/es\/app\/uploads\/2023\/07\/Empower-FY22-Audit-Final.pdf\/\" target=\"_blank\" rel=\"noopener\"><span style=\"color: #0000ff;\"><strong>FY 2022<\/strong><\/span><\/a><\/li>\n<li><span style=\"color: #0000ff;\"><strong><a style=\"color: #0000ff;\" href=\"https:\/\/drive.google.com\/file\/d\/11UzOFRUWHlnVpsJI6QmSE2tIfcppeAoT\/view?usp=sharing\" target=\"_blank\" rel=\"noopener\">FY 2020<\/a><\/strong><\/span><\/li>\n<\/ul>\n<p><strong><span style=\"color: #000000;\">Empoderar las pol\u00edticas de Missouri<\/span><\/strong><\/p>\n<ul>\n<li><strong><span style=\"color: #0000ff;\"><a style=\"color: #0000ff;\" href=\"https:\/\/drive.google.com\/file\/d\/1dNVSaiW27bZtPKCGLG0A1zLe490BqieH\/view?usp=sharing\" target=\"_blank\" rel=\"noopener\">Pol\u00edtica de conflicto de intereses<\/a><\/span><\/strong><\/li>\n<li><strong><span style=\"color: #0000ff;\"><a style=\"color: #0000ff;\" href=\"https:\/\/drive.google.com\/file\/d\/10L8yuHMFtt4CVRHsTxScM2CgnhinG6qs\/view?usp=sharing\" target=\"_blank\" rel=\"noopener\">Pol\u00edtica de no discriminaci\u00f3n<\/a><\/span><\/strong><\/li>\n<li><strong><span style=\"color: #0000ff;\"><a style=\"color: #0000ff;\" href=\"https:\/\/drive.google.com\/file\/d\/1vFjF2jBe7WkPCxEkiUgdUawAturET805\/view?usp=sharing\" target=\"_blank\" rel=\"noopener\">Pol\u00edtica de transparencia e informaci\u00f3n p\u00fablica<\/a><\/span><\/strong><\/li>\n<li><strong><span style=\"color: #0000ff;\"><a style=\"color: #0000ff;\" href=\"https:\/\/drive.google.com\/file\/d\/1kYcyGKuJdXARdJHEMUiZGHv7RAenPiPM\/view?usp=sharing\" target=\"_blank\" rel=\"noopener\">Pol\u00edtica de separaci\u00f3n de intereses<\/a><\/span><\/strong><\/li>\n<li><strong><span style=\"color: #0000ff;\"><a style=\"color: #0000ff;\" href=\"https:\/\/drive.google.com\/file\/d\/1d1ZJHTtu_3IZD7i1MmPW04hdYMRQLGId\/view?usp=sharing\" target=\"_blank\" rel=\"noopener\">Pol\u00edtica de denuncia de irregularidades<\/a><\/span><\/strong><\/li>\n<\/ul>","protected":false},"excerpt":{"rendered":"<p>Empower Missouri is committed to transparency in all our operations. To help you understand our methods and procedures regarding ownership, local, state and federal relationships and affiliations, below is a list of our public documents for your review.\u00a0 2025 Impact Report 2024 Impact Report 2023 Impact Report Board of Directors Board Minutes July 2023 June [&hellip;]<\/p>\n","protected":false},"author":15,"featured_media":0,"parent":9859,"menu_order":0,"comment_status":"closed","ping_status":"closed","template":"","meta":{"_exactmetrics_skip_tracking":false,"_exactmetrics_sitenote_active":false,"_exactmetrics_sitenote_note":"","_exactmetrics_sitenote_category":0,"footnotes":""},"coauthors":[352],"class_list":["post-6199","page","type-page","status-publish","hentry"],"yoast_head":"<!-- This site is optimized with the Yoast SEO plugin v27.5 - https:\/\/yoast.com\/product\/yoast-seo-wordpress\/ -->\n<title>Public Documents - Empower Missouri<\/title>\n<meta name=\"robots\" content=\"index, follow, max-snippet:-1, max-image-preview:large, max-video-preview:-1\" \/>\n<link rel=\"canonical\" href=\"https:\/\/empowermissouri.org\/es\/about-us\/public-documents\/\" \/>\n<meta property=\"og:locale\" content=\"es_MX\" \/>\n<meta property=\"og:type\" content=\"article\" \/>\n<meta property=\"og:title\" content=\"Public Documents - Empower Missouri\" \/>\n<meta property=\"og:description\" content=\"Empower Missouri is committed to transparency in all our operations. To help you understand our methods and procedures regarding ownership, local, state and federal relationships and affiliations, below is a list of our public documents for your review.\u00a0 2025 Impact Report 2024 Impact Report 2023 Impact Report Board of Directors Board Minutes July 2023 June [&hellip;]\" \/>\n<meta property=\"og:url\" content=\"https:\/\/empowermissouri.org\/es\/about-us\/public-documents\/\" \/>\n<meta property=\"og:site_name\" content=\"Empower Missouri\" \/>\n<meta property=\"article:publisher\" content=\"https:\/\/www.facebook.com\/empowermissouri\" \/>\n<meta property=\"article:modified_time\" content=\"2026-02-18T18:19:34+00:00\" \/>\n<meta property=\"og:image\" content=\"http:\/\/empowermissouri.org\/app\/uploads\/2021\/03\/scott-graham-OQMZwNd3ThU-unsplash-scaled.jpg\" \/>\n\t<meta property=\"og:image:width\" content=\"2560\" \/>\n\t<meta property=\"og:image:height\" content=\"1709\" \/>\n\t<meta property=\"og:image:type\" content=\"image\/jpeg\" \/>\n<meta name=\"twitter:card\" content=\"summary_large_image\" \/>\n<meta name=\"twitter:image\" content=\"https:\/\/empowermissouri.org\/app\/uploads\/2021\/03\/scott-graham-OQMZwNd3ThU-unsplash-scaled.jpg\" \/>\n<meta name=\"twitter:site\" content=\"@empowermissouri\" \/>\n<meta name=\"twitter:label1\" content=\"Est. reading time\" \/>\n\t<meta name=\"twitter:data1\" content=\"1 minute\" \/>\n\t<meta name=\"twitter:label2\" content=\"Written by\" \/>\n\t<meta name=\"twitter:data2\" content=\"Rico Bush\" \/>\n<script type=\"application\/ld+json\" class=\"yoast-schema-graph\">{\"@context\":\"https:\\\/\\\/schema.org\",\"@graph\":[{\"@type\":\"WebPage\",\"@id\":\"https:\\\/\\\/empowermissouri.org\\\/about-us\\\/public-documents\\\/\",\"url\":\"https:\\\/\\\/empowermissouri.org\\\/about-us\\\/public-documents\\\/\",\"name\":\"Public Documents - Empower Missouri\",\"isPartOf\":{\"@id\":\"https:\\\/\\\/empowermissouri.org\\\/#website\"},\"datePublished\":\"2021-01-20T22:47:40+00:00\",\"dateModified\":\"2026-02-18T18:19:34+00:00\",\"breadcrumb\":{\"@id\":\"https:\\\/\\\/empowermissouri.org\\\/about-us\\\/public-documents\\\/#breadcrumb\"},\"inLanguage\":\"es-MX\",\"potentialAction\":[{\"@type\":\"ReadAction\",\"target\":[\"https:\\\/\\\/empowermissouri.org\\\/about-us\\\/public-documents\\\/\"]}]},{\"@type\":\"BreadcrumbList\",\"@id\":\"https:\\\/\\\/empowermissouri.org\\\/about-us\\\/public-documents\\\/#breadcrumb\",\"itemListElement\":[{\"@type\":\"ListItem\",\"position\":1,\"name\":\"Home\",\"item\":\"https:\\\/\\\/empowermissouri.org\\\/\"},{\"@type\":\"ListItem\",\"position\":2,\"name\":\"About Us\",\"item\":\"https:\\\/\\\/empowermissouri.org\\\/about-us\\\/\"},{\"@type\":\"ListItem\",\"position\":3,\"name\":\"Public Documents\"}]},{\"@type\":\"WebSite\",\"@id\":\"https:\\\/\\\/empowermissouri.org\\\/#website\",\"url\":\"https:\\\/\\\/empowermissouri.org\\\/\",\"name\":\"Empower Missouri\",\"description\":\"Advocating for Justice | Empowering Change\",\"publisher\":{\"@id\":\"https:\\\/\\\/empowermissouri.org\\\/#organization\"},\"potentialAction\":[{\"@type\":\"SearchAction\",\"target\":{\"@type\":\"EntryPoint\",\"urlTemplate\":\"https:\\\/\\\/empowermissouri.org\\\/?s={search_term_string}\"},\"query-input\":{\"@type\":\"PropertyValueSpecification\",\"valueRequired\":true,\"valueName\":\"search_term_string\"}}],\"inLanguage\":\"es-MX\"},{\"@type\":\"Organization\",\"@id\":\"https:\\\/\\\/empowermissouri.org\\\/#organization\",\"name\":\"Empower Missouri\",\"url\":\"https:\\\/\\\/empowermissouri.org\\\/\",\"logo\":{\"@type\":\"ImageObject\",\"inLanguage\":\"es-MX\",\"@id\":\"https:\\\/\\\/empowermissouri.org\\\/#\\\/schema\\\/logo\\\/image\\\/\",\"url\":\"http:\\\/\\\/empowermissouri.org\\\/app\\\/uploads\\\/2018\\\/08\\\/logo_button.png\",\"contentUrl\":\"http:\\\/\\\/empowermissouri.org\\\/app\\\/uploads\\\/2018\\\/08\\\/logo_button.png\",\"width\":579,\"height\":579,\"caption\":\"Empower Missouri\"},\"image\":{\"@id\":\"https:\\\/\\\/empowermissouri.org\\\/#\\\/schema\\\/logo\\\/image\\\/\"},\"sameAs\":[\"https:\\\/\\\/www.facebook.com\\\/empowermissouri\",\"https:\\\/\\\/x.com\\\/empowermissouri\",\"https:\\\/\\\/www.instagram.com\\\/empowermissouri\\\/\",\"https:\\\/\\\/www.linkedin.com\\\/company\\\/empower-missouri\\\/\"]}]}<\/script>\n<!-- \/ Yoast SEO plugin. -->","yoast_head_json":{"title":"Public Documents - Empower Missouri","robots":{"index":"index","follow":"follow","max-snippet":"max-snippet:-1","max-image-preview":"max-image-preview:large","max-video-preview":"max-video-preview:-1"},"canonical":"https:\/\/empowermissouri.org\/es\/about-us\/public-documents\/","og_locale":"es_MX","og_type":"article","og_title":"Public Documents - Empower Missouri","og_description":"Empower Missouri is committed to transparency in all our operations. To help you understand our methods and procedures regarding ownership, local, state and federal relationships and affiliations, below is a list of our public documents for your review.\u00a0 2025 Impact Report 2024 Impact Report 2023 Impact Report Board of Directors Board Minutes July 2023 June [&hellip;]","og_url":"https:\/\/empowermissouri.org\/es\/about-us\/public-documents\/","og_site_name":"Empower Missouri","article_publisher":"https:\/\/www.facebook.com\/empowermissouri","article_modified_time":"2026-02-18T18:19:34+00:00","og_image":[{"width":2560,"height":1709,"url":"http:\/\/empowermissouri.org\/app\/uploads\/2021\/03\/scott-graham-OQMZwNd3ThU-unsplash-scaled.jpg","type":"image\/jpeg"}],"twitter_card":"summary_large_image","twitter_image":"https:\/\/empowermissouri.org\/app\/uploads\/2021\/03\/scott-graham-OQMZwNd3ThU-unsplash-scaled.jpg","twitter_site":"@empowermissouri","twitter_misc":{"Est. reading time":"1 minute","Written by":"Rico Bush"},"schema":{"@context":"https:\/\/schema.org","@graph":[{"@type":"WebPage","@id":"https:\/\/empowermissouri.org\/about-us\/public-documents\/","url":"https:\/\/empowermissouri.org\/about-us\/public-documents\/","name":"Public Documents - Empower Missouri","isPartOf":{"@id":"https:\/\/empowermissouri.org\/#website"},"datePublished":"2021-01-20T22:47:40+00:00","dateModified":"2026-02-18T18:19:34+00:00","breadcrumb":{"@id":"https:\/\/empowermissouri.org\/about-us\/public-documents\/#breadcrumb"},"inLanguage":"es-MX","potentialAction":[{"@type":"ReadAction","target":["https:\/\/empowermissouri.org\/about-us\/public-documents\/"]}]},{"@type":"BreadcrumbList","@id":"https:\/\/empowermissouri.org\/about-us\/public-documents\/#breadcrumb","itemListElement":[{"@type":"ListItem","position":1,"name":"Home","item":"https:\/\/empowermissouri.org\/"},{"@type":"ListItem","position":2,"name":"About Us","item":"https:\/\/empowermissouri.org\/about-us\/"},{"@type":"ListItem","position":3,"name":"Public Documents"}]},{"@type":"WebSite","@id":"https:\/\/empowermissouri.org\/#website","url":"https:\/\/empowermissouri.org\/","name":"Empoderar a Missouri","description":"Advocating for Justice | Empowering Change","publisher":{"@id":"https:\/\/empowermissouri.org\/#organization"},"potentialAction":[{"@type":"SearchAction","target":{"@type":"EntryPoint","urlTemplate":"https:\/\/empowermissouri.org\/?s={search_term_string}"},"query-input":{"@type":"PropertyValueSpecification","valueRequired":true,"valueName":"search_term_string"}}],"inLanguage":"es-MX"},{"@type":"Organization","@id":"https:\/\/empowermissouri.org\/#organization","name":"Empoderar a Missouri","url":"https:\/\/empowermissouri.org\/","logo":{"@type":"ImageObject","inLanguage":"es-MX","@id":"https:\/\/empowermissouri.org\/#\/schema\/logo\/image\/","url":"http:\/\/empowermissouri.org\/app\/uploads\/2018\/08\/logo_button.png","contentUrl":"http:\/\/empowermissouri.org\/app\/uploads\/2018\/08\/logo_button.png","width":579,"height":579,"caption":"Empower Missouri"},"image":{"@id":"https:\/\/empowermissouri.org\/#\/schema\/logo\/image\/"},"sameAs":["https:\/\/www.facebook.com\/empowermissouri","https:\/\/x.com\/empowermissouri","https:\/\/www.instagram.com\/empowermissouri\/","https:\/\/www.linkedin.com\/company\/empower-missouri\/"]}]}},"_links":{"self":[{"href":"https:\/\/empowermissouri.org\/es\/wp-json\/wp\/v2\/pages\/6199","targetHints":{"allow":["GET"]}}],"collection":[{"href":"https:\/\/empowermissouri.org\/es\/wp-json\/wp\/v2\/pages"}],"about":[{"href":"https:\/\/empowermissouri.org\/es\/wp-json\/wp\/v2\/types\/page"}],"author":[{"embeddable":true,"href":"https:\/\/empowermissouri.org\/es\/wp-json\/wp\/v2\/users\/15"}],"replies":[{"embeddable":true,"href":"https:\/\/empowermissouri.org\/es\/wp-json\/wp\/v2\/comments?post=6199"}],"version-history":[{"count":0,"href":"https:\/\/empowermissouri.org\/es\/wp-json\/wp\/v2\/pages\/6199\/revisions"}],"up":[{"embeddable":true,"href":"https:\/\/empowermissouri.org\/es\/wp-json\/wp\/v2\/pages\/9859"}],"wp:attachment":[{"href":"https:\/\/empowermissouri.org\/es\/wp-json\/wp\/v2\/media?parent=6199"}],"wp:term":[{"taxonomy":"author","embeddable":true,"href":"https:\/\/empowermissouri.org\/es\/wp-json\/wp\/v2\/coauthors?post=6199"}],"curies":[{"name":"wp","href":"https:\/\/api.w.org\/{rel}","templated":true}]}}